{"id":40900,"date":"2025-02-21T16:30:39","date_gmt":"2025-02-21T14:30:39","guid":{"rendered":"https:\/\/vasaroja.lt\/portal-rules\/"},"modified":"2025-02-21T16:30:39","modified_gmt":"2025-02-21T14:30:39","slug":"portal-rules","status":"publish","type":"page","link":"https:\/\/vasaroja.lt\/en\/portal-rules\/","title":{"rendered":"Portal rules"},"content":{"rendered":"<p>PORTAL RULES<\/p>\n<p>lt is operated by &#8220;Jungtinis projektas&#8221; MB, company code 306663980, registered office address H. Manto g. 7 LT-92128 Klaip\u0117da (hereinafter &#8211; Vasaroja.lt).<br \/>\nThese rules for using the Vasaroja.lt website (hereinafter &#8211; the Rules) establish the conditions for placing and reviewing advertisements and data, as well as the rights, obligations and responsibilities of users of the website and other provisions.<br \/>\nWhen using the Vasaroja.lt portal, users are given the opportunity to place and review advertisements for proposed objects (hereinafter &#8211; the Advertisement) in accordance with the procedure established in these Rules. A user of the website is a person who has placed or wishes to review an Advertisement on the Website (hereinafter &#8211; the User).<br \/>\nThe Rules are binding on the User. The User expresses his\/her agreement with the Rules and his\/her obligation to comply with them by browsing the Vasaroja.lt portal. Persons who do not agree with at least one of the terms of the Rules do not have the right to become Users.<br \/>\nlt reserves the right to change, amend or supplement the Rules at any time at its discretion. If the User continues to use the Website after changing, amending or supplementing the Rules, this will mean the User&#8217;s consent to the changes, amendments and supplements to the Rules.<br \/>\nlt also reserves the right to adjust the services provided or terminate their provision for any reason without notifying the User.<br \/>\nlt website prohibits publishing information about other service providers, their names and services not related to Vasaroja.lt<br \/>\nRULES FOR PLACING ADVERTISEMENTS<\/p>\n<p>The User must place an advertisement only in the relevant Vasaroja.lt category designated for him (e.g., an advertisement about renting an apartment in Pervalka cannot be placed as a rental in another city section, e.g. Palanga). Only 1 (one) object may be advertised in one Advertisement.<br \/>\nUsers are prohibited from providing false information in the Advertisement. By providing data in the Advertisement, the User confirms and guarantees that the information provided is true and accurate.<br \/>\nIt is prohibited to offer an object in the Advertisement that the User does not have the right to dispose of.<br \/>\nThe Advertisement, in its content and visual composition, must not contradict generally recognized ethical or moral norms and valid legal acts of the Republic of Lithuania, and must not incite discrimination or discord on any grounds.<br \/>\nIt is prohibited to use lt for illegal or inappropriate purposes, including, but not limited to, submitting, publishing, sending or storing any content on the Website that:<br \/>\nwould infringe any intellectual property rights (copyright, trademarks, design, etc.);<br \/>\nwould be offensive, defamatory, discriminate against any person or otherwise violate any person&#8217;s right to image, name, privacy (telephone numbers, addresses, personal identification number, etc.) or honor and dignity;<br \/>\nwould pose a threat to the security of Vasaroja.lt or its database (programs or documents with viruses, etc.);<br \/>\nwould violate any legal acts.<br \/>\nIt is prohibited to place photographs and\/or video materials in the Advertisement, which will publish telephone numbers, personal document data, advertising or other information not directly related to the existing object.<br \/>\nBy placing photographs and video materials in the Advertisement, the User confirms that he has all the rights to use the photographs and that this use does not violate any rights of third parties.<br \/>\nBy placing the Advertisement, the User assumes full responsibility for the compliance of its content with the terms of the Rules.<br \/>\nBy placing the Advertisement, the User must comply with the instructions for placing the Advertisement specified on the Website and these Rules.<br \/>\nlt has the right to reject the Advertisements or delete them from the Website database without notice, as well as delete photographs in the Advertisement that do not comply with the Rules or legal acts of the Republic of Lithuania.<br \/>\nFREE USE<\/p>\n<p>Users can use the Vasaroja.lt portal services for free: viewing advertisements and using the information contained therein for legitimate and personal purposes (printing, forwarding the advertisement or information therein to the desired recipient by e-mail).<br \/>\nEach user receives their own unique page on our portal for free.<br \/>\nPAID PRODUCTS AND SERVICES<\/p>\n<p>The User has the right to place advertisements on the Vasaroja.lt portal in accordance with the portal&#8217;s terms and prices valid on that day.<\/p>\n<p>FINES FOR VIOLATION OF THE RULES<\/p>\n<p>The Provider has the right to delete or deactivate Advertisements in the Vasaroja.lt portal database without prior notice if they do not meet the requirements set out in these Rules.<br \/>\nThe Provider reserves the right to terminate the User&#8217;s access to the Vasaroja.lt portal or use of the Vasaroja.lt portal services at any time for violations of the Rules or for other reasons without notice. The User understands and agrees that upon termination of the User&#8217;s access to the Vasaroja.lt portal or use of the relevant services, the Supplier may, at its sole discretion, decide how to remove any information related to the User.<br \/>\nLIMITATION OF LIABILITY OF THE SERVICE PROVIDER<\/p>\n<p>The Supplier only provides technical means for the information (<\/p>\n<p>Advertisements) on the portal and is not a representative or agent, interested party or intermediary of any person.<br \/>\nThe Supplier is only responsible for the technical placement of the information provided in the Advertisement in the database of the Vasaroja.lt portal and the technical support of this database, if the Advertisement meets all the requirements of the Rules.<br \/>\nThe Supplier is not responsible for the inconsistency of the information provided in the Advertisement with reality and its content. The Supplier is not responsible for damage caused to the User or third parties due to the content of the Advertisement and\/or their placement on the Vasaroja.lt portal. Users must notify the moderators of the Vasaroja.lt portal about such advertisements by e-mail (info@jungtinisprojektas.lt) so that they can remove the offending advertisement.<br \/>\nThe Supplier is not responsible for losses that may arise from the use of information and\/or photographs specified in the Advertisements.<br \/>\nThe Supplier does not guarantee that the Advertisements will be deleted from the database of the Vasaroja.lt portal on the specified specific day.<br \/>\nThe use of the Vasaroja.lt portal is considered to be carried out flawlessly if the Vasaroja.lt portal or its database is fully available for 90% of the time per year.<br \/>\nThe Supplier is not liable for any disruption of the Vasaroja.lt portal or its database or for any losses to Users or third parties arising from technical reasons and\/or difficulties or other events that the Supplier cannot control or influence and due to which the User cannot use the Vasaroja.lt portal (internet connection failure, failure of computer equipment, telecommunications equipment or other equipment, etc.).<br \/>\nYou can submit a request\/complaint regarding a service purchased on the Vasaroja.lt website to the State Consumer Rights Protection Agency (Vilniaus g. 25, 01402 Vilnius, e-mail tamyba@wtat.lt, tel. 8 5 262 67 5l, fax (8 5) 279 1466, website www.wtat.lt).<br \/>\nCOPYRIGHT AND OTHER RIGHTS<\/p>\n<p>The Supplier is the owner of all rights to the content of the Vasaroja.lt portal and the Vasaroja.lt portal database and has the exclusive right to use them. All trademarks, designs, names, logos, etc. of goods or services presented on the Vasaroja.lt portal are the property of the Supplier or the Supplier has the right to use them.<br \/>\nAny modification, processing, copying and\/or other use of the content, design and database information of the Vasaroja.lt portal by third parties without the written permission of the Supplier and\/or in violation of the Rules is a violation of copyright and other rights, punishable under the laws of the Republic of Lithuania. This restriction does not apply to Users in relation to their Advertisements.<br \/>\nThe User agrees that the Supplier has the right to use the photographs of the Advertisements for promotional purposes of his company, without disclosing the User&#8217;s personal information. The User agrees that his Advertisements and other content published by the User, including any intellectual property, would become part of the database of the Vasaroja.lt portal, would be stored by the Supplier or its authorized persons and used in accordance with the methods established by law for an unlimited period of time, unless otherwise specified in these Rules. Neither the Supplier nor any other third party, using the Advertisements and\/or other content published by the User, will be obliged to pay the User any copyright or other remuneration for the use of such content.<br \/>\nFINAL PROVISIONS<\/p>\n<p>The activities of the Vasaroja.lt portal are carried out exclusively in accordance with the laws of the Republic of Lithuania. Any disputes arising from or related to the activities of the portal will be resolved through negotiations, and if an agreement cannot be reached, in the competent court of the Republic of Lithuania.<\/p>\n<p>PRICES<\/p>\n<p>The prices of the Vasaroja.lt portal are valid from the date of launch of the online portal and will be valid until they are changed and published in this section.<\/p>\n<p>Advertisement placement fee: 10% of the price received by the user.<\/p>\n","protected":false},"excerpt":{"rendered":"<p>PORTAL RULES lt is operated by &#8220;Jungtinis projektas&#8221; MB, company code 306663980, registered office address H. Manto g. 7 LT-92128 Klaip\u0117da (hereinafter &#8211; Vasaroja.lt). These rules for using the Vasaroja.lt website (hereinafter &#8211; the Rules) establish the conditions for placing and reviewing advertisements and data, as well as the rights, obligations and responsibilities of users &#8230;<\/p>\n","protected":false},"author":1,"featured_media":0,"parent":0,"menu_order":0,"comment_status":"closed","ping_status":"closed","template":"","meta":{"footnotes":"","_wp_rev_ctl_limit":""},"class_list":["post-40900","page","type-page","status-publish","hentry"],"yoast_head":"<!-- This site is optimized with the Yoast SEO plugin v26.0 - https:\/\/yoast.com\/wordpress\/plugins\/seo\/ -->\n<title>Portal rules | Vasaroja<\/title>\n<meta name=\"robots\" content=\"noindex, follow\" \/>\n<meta property=\"og:locale\" content=\"en_US\" \/>\n<meta property=\"og:type\" content=\"article\" \/>\n<meta property=\"og:title\" content=\"Portal rules | Vasaroja\" \/>\n<meta property=\"og:description\" content=\"PORTAL RULES lt is operated by &#8220;Jungtinis projektas&#8221; MB, company code 306663980, registered office address H. Manto g. 7 LT-92128 Klaip\u0117da (hereinafter &#8211; Vasaroja.lt). These rules for using the Vasaroja.lt website (hereinafter &#8211; the Rules) establish the conditions for placing and reviewing advertisements and data, as well as the rights, obligations and responsibilities of users ...\" \/>\n<meta property=\"og:url\" content=\"https:\/\/vasaroja.lt\/en\/portal-rules\/\" \/>\n<meta property=\"og:site_name\" content=\"Vasaroja\" \/>\n<meta property=\"article:publisher\" content=\"https:\/\/www.facebook.com\/Pervalkoje\/\" \/>\n<meta name=\"twitter:card\" content=\"summary_large_image\" \/>\n<meta name=\"twitter:label1\" content=\"Est. reading time\" \/>\n\t<meta name=\"twitter:data1\" content=\"8 minutes\" \/>\n<script type=\"application\/ld+json\" class=\"yoast-schema-graph\">{\"@context\":\"https:\/\/schema.org\",\"@graph\":[{\"@type\":\"WebPage\",\"@id\":\"https:\/\/vasaroja.lt\/en\/portal-rules\/\",\"url\":\"https:\/\/vasaroja.lt\/en\/portal-rules\/\",\"name\":\"Portal rules | Vasaroja\",\"isPartOf\":{\"@id\":\"https:\/\/vasaroja.lt\/#website\"},\"datePublished\":\"2025-02-21T14:30:39+00:00\",\"breadcrumb\":{\"@id\":\"https:\/\/vasaroja.lt\/en\/portal-rules\/#breadcrumb\"},\"inLanguage\":\"en-US\",\"potentialAction\":[{\"@type\":\"ReadAction\",\"target\":[\"https:\/\/vasaroja.lt\/en\/portal-rules\/\"]}]},{\"@type\":\"BreadcrumbList\",\"@id\":\"https:\/\/vasaroja.lt\/en\/portal-rules\/#breadcrumb\",\"itemListElement\":[{\"@type\":\"ListItem\",\"position\":1,\"name\":\"Home\",\"item\":\"https:\/\/vasaroja.lt\/en\/\"},{\"@type\":\"ListItem\",\"position\":2,\"name\":\"Portal rules\"}]},{\"@type\":\"WebSite\",\"@id\":\"https:\/\/vasaroja.lt\/#website\",\"url\":\"https:\/\/vasaroja.lt\/\",\"name\":\"Vasaroja\",\"description\":\"Apartament\u0173 nuoma ir prie\u017ei\u016bra\",\"publisher\":{\"@id\":\"https:\/\/vasaroja.lt\/#organization\"},\"potentialAction\":[{\"@type\":\"SearchAction\",\"target\":{\"@type\":\"EntryPoint\",\"urlTemplate\":\"https:\/\/vasaroja.lt\/?s={search_term_string}\"},\"query-input\":{\"@type\":\"PropertyValueSpecification\",\"valueRequired\":true,\"valueName\":\"search_term_string\"}}],\"inLanguage\":\"en-US\"},{\"@type\":\"Organization\",\"@id\":\"https:\/\/vasaroja.lt\/#organization\",\"name\":\"Vasaroja, UAB\",\"url\":\"https:\/\/vasaroja.lt\/\",\"logo\":{\"@type\":\"ImageObject\",\"inLanguage\":\"en-US\",\"@id\":\"https:\/\/vasaroja.lt\/#\/schema\/logo\/image\/\",\"url\":\"https:\/\/vasaroja.lt\/wp-content\/uploads\/2021\/09\/Vasaroja-logo_2x-1.png\",\"contentUrl\":\"https:\/\/vasaroja.lt\/wp-content\/uploads\/2021\/09\/Vasaroja-logo_2x-1.png\",\"width\":306,\"height\":70,\"caption\":\"Vasaroja, UAB\"},\"image\":{\"@id\":\"https:\/\/vasaroja.lt\/#\/schema\/logo\/image\/\"},\"sameAs\":[\"https:\/\/www.facebook.com\/Pervalkoje\/\"]}]}<\/script>\n<!-- \/ Yoast SEO plugin. -->","yoast_head_json":{"title":"Portal rules | Vasaroja","robots":{"index":"noindex","follow":"follow"},"og_locale":"en_US","og_type":"article","og_title":"Portal rules | Vasaroja","og_description":"PORTAL RULES lt is operated by &#8220;Jungtinis projektas&#8221; MB, company code 306663980, registered office address H. Manto g. 7 LT-92128 Klaip\u0117da (hereinafter &#8211; Vasaroja.lt). These rules for using the Vasaroja.lt website (hereinafter &#8211; the Rules) establish the conditions for placing and reviewing advertisements and data, as well as the rights, obligations and responsibilities of users ...","og_url":"https:\/\/vasaroja.lt\/en\/portal-rules\/","og_site_name":"Vasaroja","article_publisher":"https:\/\/www.facebook.com\/Pervalkoje\/","twitter_card":"summary_large_image","twitter_misc":{"Est. reading time":"8 minutes"},"schema":{"@context":"https:\/\/schema.org","@graph":[{"@type":"WebPage","@id":"https:\/\/vasaroja.lt\/en\/portal-rules\/","url":"https:\/\/vasaroja.lt\/en\/portal-rules\/","name":"Portal rules | Vasaroja","isPartOf":{"@id":"https:\/\/vasaroja.lt\/#website"},"datePublished":"2025-02-21T14:30:39+00:00","breadcrumb":{"@id":"https:\/\/vasaroja.lt\/en\/portal-rules\/#breadcrumb"},"inLanguage":"en-US","potentialAction":[{"@type":"ReadAction","target":["https:\/\/vasaroja.lt\/en\/portal-rules\/"]}]},{"@type":"BreadcrumbList","@id":"https:\/\/vasaroja.lt\/en\/portal-rules\/#breadcrumb","itemListElement":[{"@type":"ListItem","position":1,"name":"Home","item":"https:\/\/vasaroja.lt\/en\/"},{"@type":"ListItem","position":2,"name":"Portal rules"}]},{"@type":"WebSite","@id":"https:\/\/vasaroja.lt\/#website","url":"https:\/\/vasaroja.lt\/","name":"Vasaroja","description":"Apartament\u0173 nuoma ir prie\u017ei\u016bra","publisher":{"@id":"https:\/\/vasaroja.lt\/#organization"},"potentialAction":[{"@type":"SearchAction","target":{"@type":"EntryPoint","urlTemplate":"https:\/\/vasaroja.lt\/?s={search_term_string}"},"query-input":{"@type":"PropertyValueSpecification","valueRequired":true,"valueName":"search_term_string"}}],"inLanguage":"en-US"},{"@type":"Organization","@id":"https:\/\/vasaroja.lt\/#organization","name":"Vasaroja, UAB","url":"https:\/\/vasaroja.lt\/","logo":{"@type":"ImageObject","inLanguage":"en-US","@id":"https:\/\/vasaroja.lt\/#\/schema\/logo\/image\/","url":"https:\/\/vasaroja.lt\/wp-content\/uploads\/2021\/09\/Vasaroja-logo_2x-1.png","contentUrl":"https:\/\/vasaroja.lt\/wp-content\/uploads\/2021\/09\/Vasaroja-logo_2x-1.png","width":306,"height":70,"caption":"Vasaroja, UAB"},"image":{"@id":"https:\/\/vasaroja.lt\/#\/schema\/logo\/image\/"},"sameAs":["https:\/\/www.facebook.com\/Pervalkoje\/"]}]}},"_hostinger_reach_plugin_has_subscription_block":false,"_hostinger_reach_plugin_is_elementor":false,"_links":{"self":[{"href":"https:\/\/vasaroja.lt\/en\/wp-json\/wp\/v2\/pages\/40900","targetHints":{"allow":["GET"]}}],"collection":[{"href":"https:\/\/vasaroja.lt\/en\/wp-json\/wp\/v2\/pages"}],"about":[{"href":"https:\/\/vasaroja.lt\/en\/wp-json\/wp\/v2\/types\/page"}],"author":[{"embeddable":true,"href":"https:\/\/vasaroja.lt\/en\/wp-json\/wp\/v2\/users\/1"}],"replies":[{"embeddable":true,"href":"https:\/\/vasaroja.lt\/en\/wp-json\/wp\/v2\/comments?post=40900"}],"version-history":[{"count":0,"href":"https:\/\/vasaroja.lt\/en\/wp-json\/wp\/v2\/pages\/40900\/revisions"}],"wp:attachment":[{"href":"https:\/\/vasaroja.lt\/en\/wp-json\/wp\/v2\/media?parent=40900"}],"curies":[{"name":"wp","href":"https:\/\/api.w.org\/{rel}","templated":true}]}}